{"id":193,"date":"2019-06-25T19:33:48","date_gmt":"2019-06-25T17:33:48","guid":{"rendered":"http:\/\/leclosvitis.com\/?page_id=193"},"modified":"2019-11-12T21:03:13","modified_gmt":"2019-11-12T20:03:13","slug":"activites-2","status":"publish","type":"page","link":"https:\/\/leclosvitis.com\/?page_id=193","title":{"rendered":"Activit\u00e9s"},"content":{"rendered":"\n<p class=\"has-text-color has-normal-font-size has-black-color\"><strong>Orange (15 min)<\/strong><br><a rel=\"noopener noreferrer\" href=\"https:\/\/www.theatre-antique.com\/\" target=\"_blank\">Le th\u00e9\u00e2tre Antique<\/a><br><a href=\"https:\/\/www.choregies.fr\/\">Les chor\u00e9gies<\/a><br><br><strong>Vaison-la-Romaine (20 min) <\/strong><br><\/p>\n\n\n\n<div class=\"wp-block-image\"><figure class=\"aligncenter\"><img loading=\"lazy\" decoding=\"async\" width=\"1024\" height=\"683\" src=\"http:\/\/leclosvitis.com\/wp-content\/uploads\/2019\/10\/sMV9FDsdQKmA4buOl45NCg_thumb_4c6-1024x683.jpg\" alt=\"\" class=\"wp-image-562\" srcset=\"https:\/\/leclosvitis.com\/wp-content\/uploads\/2019\/10\/sMV9FDsdQKmA4buOl45NCg_thumb_4c6-1024x683.jpg 1024w, https:\/\/leclosvitis.com\/wp-content\/uploads\/2019\/10\/sMV9FDsdQKmA4buOl45NCg_thumb_4c6-300x200.jpg 300w, https:\/\/leclosvitis.com\/wp-content\/uploads\/2019\/10\/sMV9FDsdQKmA4buOl45NCg_thumb_4c6-768x512.jpg 768w, https:\/\/leclosvitis.com\/wp-content\/uploads\/2019\/10\/sMV9FDsdQKmA4buOl45NCg_thumb_4c6-927x618.jpg 927w, https:\/\/leclosvitis.com\/wp-content\/uploads\/2019\/10\/sMV9FDsdQKmA4buOl45NCg_thumb_4c6.jpg 1086w\" sizes=\"auto, (max-width: 1024px) 100vw, 1024px\" \/><figcaption><em>Vaison-la-Romaine<\/em><\/figcaption><\/figure><\/div>\n\n\n\n<p class=\"has-text-color has-normal-font-size has-black-color\"><strong>Isle-sur-la-Sorgue (30 min)<\/strong><br><br><strong>Avignon (35 min)<\/strong><br><a href=\"http:\/\/www.palais-des-papes.com\/fr\">Le palais des Papes <\/a><br><a href=\"https:\/\/www.avignon-et-provence.com\/monuments\/pont-davignon\">Le pont d&rsquo;Avignon <\/a><br><a href=\"https:\/\/www.festival-avignon.com\/fr\/\">Le festival <\/a><\/p>\n\n\n\n<div class=\"wp-block-image\"><figure class=\"aligncenter\"><img loading=\"lazy\" decoding=\"async\" width=\"1024\" height=\"503\" src=\"http:\/\/leclosvitis.com\/wp-content\/uploads\/2019\/10\/IMG_6907-1024x503.jpeg\" alt=\"\" class=\"wp-image-410\" srcset=\"https:\/\/leclosvitis.com\/wp-content\/uploads\/2019\/10\/IMG_6907-1024x503.jpeg 1024w, https:\/\/leclosvitis.com\/wp-content\/uploads\/2019\/10\/IMG_6907-300x147.jpeg 300w, https:\/\/leclosvitis.com\/wp-content\/uploads\/2019\/10\/IMG_6907-768x377.jpeg 768w, https:\/\/leclosvitis.com\/wp-content\/uploads\/2019\/10\/IMG_6907-2000x982.jpeg 2000w, https:\/\/leclosvitis.com\/wp-content\/uploads\/2019\/10\/IMG_6907-1259x618.jpeg 1259w\" sizes=\"auto, (max-width: 1024px) 100vw, 1024px\" \/><figcaption><em>Le Pont d&rsquo;Avignon<\/em><\/figcaption><\/figure><\/div>\n\n\n\n<p class=\"has-text-color has-normal-font-size has-black-color\"><a href=\"https:\/\/www.altituderando.com\/Gorges-du-Toulourenc\"><strong>Les gorges de Toulourenc<\/strong><\/a><strong> (40 min)<\/strong><br><br><strong>La Drome proven\u00e7ale (40 min)<\/strong><br>Nyons<br>Grignan<br><br><a href=\"http:\/\/pontdugard.fr\/fr\"><strong>Le pont du Gard<\/strong><\/a><strong> (50 minutes)<\/strong><br><br><strong>N\u00eemes (50 min)<\/strong><br><a href=\"https:\/\/www.theatre-antique.com\/\">Les ar\u00e8nes<\/a><br><br><a href=\"http:\/\/www.lesbauxdeprovence.com\/fr\"><strong>Les Baux de Provence<\/strong><\/a><strong> (60 min)<\/strong><br><br><strong>Le pays de Sault (60 min)<\/strong><br>Les champs de lavande<\/p>\n\n\n\n<div class=\"wp-block-image\"><figure class=\"alignright is-resized\"><img loading=\"lazy\" decoding=\"async\" src=\"http:\/\/leclosvitis.com\/wp-content\/uploads\/2019\/11\/IMG_7403-683x1024.jpeg\" alt=\"\" class=\"wp-image-661\" width=\"290\" height=\"436\" srcset=\"https:\/\/leclosvitis.com\/wp-content\/uploads\/2019\/11\/IMG_7403-683x1024.jpeg 683w, https:\/\/leclosvitis.com\/wp-content\/uploads\/2019\/11\/IMG_7403-200x300.jpeg 200w, https:\/\/leclosvitis.com\/wp-content\/uploads\/2019\/11\/IMG_7403-768x1152.jpeg 768w, https:\/\/leclosvitis.com\/wp-content\/uploads\/2019\/11\/IMG_7403-2000x3001.jpeg 2000w, https:\/\/leclosvitis.com\/wp-content\/uploads\/2019\/11\/IMG_7403-412x618.jpeg 412w\" sizes=\"auto, (max-width: 290px) 100vw, 290px\" \/><figcaption><em>Les gorges du Toulourenc <\/em><\/figcaption><\/figure><\/div>\n\n\n\n<p style=\"text-align:left\" class=\"has-text-color has-normal-font-size has-black-color\"><a href=\"http:\/\/www.gorgesdelardeche.fr\/\"><strong>Les gorges de l&rsquo;Ard\u00e8che<\/strong><\/a><strong> (60 min)<\/strong><br><br><strong>Le Lub\u00e9ron (70 min)<\/strong><br>Et ses villages typiques (Gordes, Roussillon, <br>Opp\u00e8de-le-Vieux..)<br><br><strong>Aix-en-Provence (70 min)<\/strong><br><br><a href=\"https:\/\/www.arlestourisme.com\/fr\/%C3%A9poque-romaine.html?\"><strong>Arles<\/strong><\/a><strong> (75 min) <\/strong><br><br><strong>Marseille (75 min)<\/strong><br><a href=\"https:\/\/www.mucem.org\/\">MUCEM<\/a><br>Le vieux-port<br><a href=\"http:\/\/www.marseille-tourisme.com\/fr\/\">Notre-Dame de la Garde <\/a><br><br><a href=\"https:\/\/www.routes-touristiques.com\/tourisme\/vignoble\/rhone-alpes\/route-des-vins-des-cotes-du-rhone.html\">La route des vins<\/a><\/p>\n\n\n\n<p class=\"has-medium-font-size\"><br><br><br><strong>Activit\u00e9s sportives<\/strong><br><\/p>\n\n\n\n<p class=\"has-text-color has-normal-font-size has-black-color\"><strong>Les Dentelles de Montmirail (15 min)<\/strong><br>Randonn\u00e9e<br>VTT<br>Escalade <br><br><strong>Le mont Ventoux (60 min)<\/strong><br>Cyclisme pour les amateurs du Mont Ventoux et ses alentours<br><a href=\"https:\/\/www.visorando.com\/randonnee-le-ventoux.html\">Randonn\u00e9es<\/a><\/p>\n\n\n\n<figure class=\"wp-block-image\"><img loading=\"lazy\" decoding=\"async\" width=\"1024\" height=\"683\" src=\"http:\/\/leclosvitis.com\/wp-content\/uploads\/2019\/10\/Npo7KQU3T5evli81tRmwdA_thumb_9a-1024x683.jpg\" alt=\"\" class=\"wp-image-565\" srcset=\"https:\/\/leclosvitis.com\/wp-content\/uploads\/2019\/10\/Npo7KQU3T5evli81tRmwdA_thumb_9a-1024x683.jpg 1024w, https:\/\/leclosvitis.com\/wp-content\/uploads\/2019\/10\/Npo7KQU3T5evli81tRmwdA_thumb_9a-300x200.jpg 300w, https:\/\/leclosvitis.com\/wp-content\/uploads\/2019\/10\/Npo7KQU3T5evli81tRmwdA_thumb_9a-768x512.jpg 768w, https:\/\/leclosvitis.com\/wp-content\/uploads\/2019\/10\/Npo7KQU3T5evli81tRmwdA_thumb_9a-927x618.jpg 927w, https:\/\/leclosvitis.com\/wp-content\/uploads\/2019\/10\/Npo7KQU3T5evli81tRmwdA_thumb_9a.jpg 1086w\" sizes=\"auto, (max-width: 1024px) 100vw, 1024px\" \/><figcaption><em>Dentelles de Montmirail et Mont Ventoux<\/em><\/figcaption><\/figure>\n\n\n\n<p><br><br><br><br><\/p>\n\n\n<style type=\"text\/css\" id=\"gmpMapStyles_4_29924\">\r\n\t#google_map_easy_4_29924 {\r\n        width: 100%;\r\n        height: 250px;\r\n\t\t\t\t\t\t    }\r\n\t#gmapControlsNum_4_29924 {\r\n\t\twidth:100%\t}\r\n\t.gmpMapDetailsContainer#gmpMapDetailsContainer_4_29924 {\r\n\t\theight:250px;\r\n\t}\r\n\t.gmp_MapPreview#google_map_easy_4_29924 {\r\n\t\t\/*position:absolute;*\/\r\n\t\twidth: 100%;\r\n\t}\r\n\t#mapConElem_4_29924{\r\n\t\twidth: 100%\t}\r\n    .gm-style .gm-style-iw-c{\r\n        padding: 12px!important;\r\n    }\r\n\t    <\/style>\r\n <div class=\"gmp_map_opts\" id=\"mapConElem_4_29924\" data-id=\"4\" data-view-id=\"4_29924\" > <div class=\"gmpMapDetailsContainer\" id=\"gmpMapDetailsContainer_4_29924\"> <i class=\"gmpKMLLayersPreloader fa fa-spinner fa-spin\" aria-hidden=\"true\" style=\"display: none;\"><\/i> <div class=\"gmp_MapPreview \" id=\"google_map_easy_4_29924\"><\/div> <\/div> <div class=\"gmpMapMarkerFilters\" id=\"gmpMapMarkerFilters_4_29924\"> <\/div> <div class=\"gmpMapProControlsCon\" id=\"gmpMapProControlsCon_4_29924\"> <a title=\"WordPress Google Maps\" style=\"display:none;\" href=\"https:\/\/supsystic.com\/plugins\/google-maps-plugin\/?utm_medium=love_link_hide\" target=\"_blank\">WordPress Google Maps<\/a><div style=\"clear: both;\"><\/div> <\/div> <div class=\"gmpMapProDirectionsCon\" id=\"gmpMapProDirectionsCon_4_29924\" > <\/div> <div class=\"gmpMapProKmlFilterCon\" id=\"gmpMapProKmlFilterCon_4_29924\" > <\/div> <div class=\"gmpSocialSharingShell gmpSocialSharingShell_4_29924\"> <\/div> <div style=\"clear: both;\"><\/div> <\/div> \n","protected":false},"excerpt":{"rendered":"<p>Orange (15 min)Le th\u00e9\u00e2tre AntiqueLes chor\u00e9gies Vaison-la-Romaine (20 min) Isle-sur-la-Sorgue (30 min) Avignon (35 min)Le palais des Papes Le pont d&rsquo;Avignon Le festival Les gorges de Toulourenc (40 min) La Drome proven\u00e7ale (40 min)NyonsGrignan Le pont du Gard (50 minutes) N\u00eemes (50 min)Les ar\u00e8nes Les Baux de Provence (60 min) Le pays de Sault (60 &hellip; <a href=\"https:\/\/leclosvitis.com\/?page_id=193\" class=\"more-link\">Continue reading<span class=\"screen-reader-text\"> \u00ab\u00a0Activit\u00e9s\u00a0\u00bb<\/span><\/a><\/p>\n","protected":false},"author":1,"featured_media":0,"parent":0,"menu_order":0,"comment_status":"closed","ping_status":"closed","template":"template-front-page.php","meta":{"footnotes":""},"class_list":["post-193","page","type-page","status-publish","hentry"],"_links":{"self":[{"href":"https:\/\/leclosvitis.com\/index.php?rest_route=\/wp\/v2\/pages\/193","targetHints":{"allow":["GET"]}}],"collection":[{"href":"https:\/\/leclosvitis.com\/index.php?rest_route=\/wp\/v2\/pages"}],"about":[{"href":"https:\/\/leclosvitis.com\/index.php?rest_route=\/wp\/v2\/types\/page"}],"author":[{"embeddable":true,"href":"https:\/\/leclosvitis.com\/index.php?rest_route=\/wp\/v2\/users\/1"}],"replies":[{"embeddable":true,"href":"https:\/\/leclosvitis.com\/index.php?rest_route=%2Fwp%2Fv2%2Fcomments&post=193"}],"version-history":[{"count":34,"href":"https:\/\/leclosvitis.com\/index.php?rest_route=\/wp\/v2\/pages\/193\/revisions"}],"predecessor-version":[{"id":838,"href":"https:\/\/leclosvitis.com\/index.php?rest_route=\/wp\/v2\/pages\/193\/revisions\/838"}],"wp:attachment":[{"href":"https:\/\/leclosvitis.com\/index.php?rest_route=%2Fwp%2Fv2%2Fmedia&parent=193"}],"curies":[{"name":"wp","href":"https:\/\/api.w.org\/{rel}","templated":true}]}}