{"id":86,"date":"2019-05-31T16:48:13","date_gmt":"2019-05-31T14:48:13","guid":{"rendered":"http:\/\/leclosvitis.com\/?page_id=86"},"modified":"2022-02-01T10:33:08","modified_gmt":"2022-02-01T09:33:08","slug":"table-dhotes","status":"publish","type":"page","link":"https:\/\/leclosvitis.com\/?page_id=86","title":{"rendered":"Table d&rsquo;h\u00f4tes de Laurence"},"content":{"rendered":"\n<blockquote class=\"wp-block-quote is-layout-flow wp-block-quote-is-layout-flow\"><p>\u00c0 taaaaaaable !<\/p><cite>Laurence<\/cite><\/blockquote>\n\n\n\n<p>Pour rendre votre s\u00e9jour aussi relaxant et authentique que possible, nous vous proposons de savourer la d\u00e9licieuse cuisine de Laurence. Afin de vous servir des produits frais et savoureux, nous travaillons essentiellement avec des producteurs locaux. <\/p>\n\n\n\n<p>Commencez la journ\u00e9e en beaut\u00e9 en faisant le plein de vitamines avec notre petit-d\u00e9jeuner continental, inclus dans le tarif des chambres. Dans l&rsquo;apr\u00e8s-midi, vous pourrez prendre une collation autour de la piscine. Profitez de l&rsquo;atmosph\u00e8re conviviale et des saveurs de la Provence autour d\u2019un d\u00eener servi dans la salle \u00e0 manger ou dans le jardin.<br><br><br><\/p>\n\n\n\n<figure class=\"wp-block-gallery columns-3 is-cropped wp-block-gallery-1 is-layout-flex wp-block-gallery-is-layout-flex\"><ul class=\"blocks-gallery-grid\"><li class=\"blocks-gallery-item\"><figure><img loading=\"lazy\" decoding=\"async\" width=\"1024\" height=\"683\" src=\"http:\/\/leclosvitis.com\/wp-content\/uploads\/2019\/10\/IMG_6814-1024x683.jpeg\" alt=\"\" data-id=\"451\" data-link=\"http:\/\/leclosvitis.com\/?attachment_id=451\" class=\"wp-image-451\" srcset=\"https:\/\/leclosvitis.com\/wp-content\/uploads\/2019\/10\/IMG_6814-1024x683.jpeg 1024w, https:\/\/leclosvitis.com\/wp-content\/uploads\/2019\/10\/IMG_6814-300x200.jpeg 300w, https:\/\/leclosvitis.com\/wp-content\/uploads\/2019\/10\/IMG_6814-768x512.jpeg 768w, https:\/\/leclosvitis.com\/wp-content\/uploads\/2019\/10\/IMG_6814-2000x1333.jpeg 2000w, https:\/\/leclosvitis.com\/wp-content\/uploads\/2019\/10\/IMG_6814-927x618.jpeg 927w\" sizes=\"auto, (max-width: 1024px) 100vw, 1024px\" \/><\/figure><\/li><li class=\"blocks-gallery-item\"><figure><img loading=\"lazy\" decoding=\"async\" width=\"1024\" height=\"658\" src=\"http:\/\/leclosvitis.com\/wp-content\/uploads\/2019\/10\/IMG_8092-1024x658.jpeg\" alt=\"\" data-id=\"445\" data-link=\"http:\/\/leclosvitis.com\/?attachment_id=445\" class=\"wp-image-445\" srcset=\"https:\/\/leclosvitis.com\/wp-content\/uploads\/2019\/10\/IMG_8092-1024x658.jpeg 1024w, https:\/\/leclosvitis.com\/wp-content\/uploads\/2019\/10\/IMG_8092-300x193.jpeg 300w, https:\/\/leclosvitis.com\/wp-content\/uploads\/2019\/10\/IMG_8092-768x494.jpeg 768w, https:\/\/leclosvitis.com\/wp-content\/uploads\/2019\/10\/IMG_8092-2000x1286.jpeg 2000w, https:\/\/leclosvitis.com\/wp-content\/uploads\/2019\/10\/IMG_8092-961x618.jpeg 961w\" sizes=\"auto, (max-width: 1024px) 100vw, 1024px\" \/><\/figure><\/li><li class=\"blocks-gallery-item\"><figure><img loading=\"lazy\" decoding=\"async\" width=\"1024\" height=\"683\" src=\"http:\/\/leclosvitis.com\/wp-content\/uploads\/2020\/09\/IMG_8445-1024x683.jpeg\" alt=\"\" data-id=\"1300\" data-link=\"http:\/\/leclosvitis.com\/?attachment_id=1300\" class=\"wp-image-1300\" srcset=\"https:\/\/leclosvitis.com\/wp-content\/uploads\/2020\/09\/IMG_8445-1024x683.jpeg 1024w, https:\/\/leclosvitis.com\/wp-content\/uploads\/2020\/09\/IMG_8445-300x200.jpeg 300w, https:\/\/leclosvitis.com\/wp-content\/uploads\/2020\/09\/IMG_8445-768x512.jpeg 768w, https:\/\/leclosvitis.com\/wp-content\/uploads\/2020\/09\/IMG_8445-1536x1024.jpeg 1536w, https:\/\/leclosvitis.com\/wp-content\/uploads\/2020\/09\/IMG_8445-2048x1365.jpeg 2048w, https:\/\/leclosvitis.com\/wp-content\/uploads\/2020\/09\/IMG_8445-2000x1333.jpeg 2000w, https:\/\/leclosvitis.com\/wp-content\/uploads\/2020\/09\/IMG_8445-927x618.jpeg 927w\" sizes=\"auto, (max-width: 1024px) 100vw, 1024px\" \/><\/figure><\/li><li class=\"blocks-gallery-item\"><figure><img loading=\"lazy\" decoding=\"async\" width=\"1024\" height=\"683\" src=\"http:\/\/leclosvitis.com\/wp-content\/uploads\/2019\/10\/IMG_7846-1024x683.jpeg\" alt=\"\" data-id=\"448\" data-link=\"http:\/\/leclosvitis.com\/?attachment_id=448\" class=\"wp-image-448\" srcset=\"https:\/\/leclosvitis.com\/wp-content\/uploads\/2019\/10\/IMG_7846-1024x683.jpeg 1024w, https:\/\/leclosvitis.com\/wp-content\/uploads\/2019\/10\/IMG_7846-300x200.jpeg 300w, https:\/\/leclosvitis.com\/wp-content\/uploads\/2019\/10\/IMG_7846-768x512.jpeg 768w, https:\/\/leclosvitis.com\/wp-content\/uploads\/2019\/10\/IMG_7846-2000x1333.jpeg 2000w, https:\/\/leclosvitis.com\/wp-content\/uploads\/2019\/10\/IMG_7846-927x618.jpeg 927w\" sizes=\"auto, (max-width: 1024px) 100vw, 1024px\" \/><\/figure><\/li><li class=\"blocks-gallery-item\"><figure><img loading=\"lazy\" decoding=\"async\" width=\"1024\" height=\"683\" src=\"http:\/\/leclosvitis.com\/wp-content\/uploads\/2020\/09\/fullsizeoutput_1fe-1024x683.jpeg\" alt=\"\" data-id=\"1322\" data-full-url=\"http:\/\/leclosvitis.com\/wp-content\/uploads\/2020\/09\/fullsizeoutput_1fe-scaled.jpeg\" data-link=\"http:\/\/leclosvitis.com\/?attachment_id=1322\" class=\"wp-image-1322\" srcset=\"https:\/\/leclosvitis.com\/wp-content\/uploads\/2020\/09\/fullsizeoutput_1fe-1024x683.jpeg 1024w, https:\/\/leclosvitis.com\/wp-content\/uploads\/2020\/09\/fullsizeoutput_1fe-300x200.jpeg 300w, https:\/\/leclosvitis.com\/wp-content\/uploads\/2020\/09\/fullsizeoutput_1fe-768x512.jpeg 768w, https:\/\/leclosvitis.com\/wp-content\/uploads\/2020\/09\/fullsizeoutput_1fe-1536x1024.jpeg 1536w, https:\/\/leclosvitis.com\/wp-content\/uploads\/2020\/09\/fullsizeoutput_1fe-2048x1365.jpeg 2048w, https:\/\/leclosvitis.com\/wp-content\/uploads\/2020\/09\/fullsizeoutput_1fe-2000x1333.jpeg 2000w, https:\/\/leclosvitis.com\/wp-content\/uploads\/2020\/09\/fullsizeoutput_1fe-927x618.jpeg 927w\" sizes=\"auto, (max-width: 1024px) 100vw, 1024px\" \/><\/figure><\/li><li class=\"blocks-gallery-item\"><figure><img loading=\"lazy\" decoding=\"async\" width=\"1024\" height=\"670\" src=\"http:\/\/leclosvitis.com\/wp-content\/uploads\/2020\/09\/fullsizeoutput_1f4-1024x670.jpeg\" alt=\"\" data-id=\"1319\" data-link=\"http:\/\/leclosvitis.com\/?attachment_id=1319\" class=\"wp-image-1319\" srcset=\"https:\/\/leclosvitis.com\/wp-content\/uploads\/2020\/09\/fullsizeoutput_1f4-1024x670.jpeg 1024w, https:\/\/leclosvitis.com\/wp-content\/uploads\/2020\/09\/fullsizeoutput_1f4-300x196.jpeg 300w, https:\/\/leclosvitis.com\/wp-content\/uploads\/2020\/09\/fullsizeoutput_1f4-768x502.jpeg 768w, https:\/\/leclosvitis.com\/wp-content\/uploads\/2020\/09\/fullsizeoutput_1f4-1536x1005.jpeg 1536w, https:\/\/leclosvitis.com\/wp-content\/uploads\/2020\/09\/fullsizeoutput_1f4-2048x1340.jpeg 2048w, https:\/\/leclosvitis.com\/wp-content\/uploads\/2020\/09\/fullsizeoutput_1f4-2000x1308.jpeg 2000w, https:\/\/leclosvitis.com\/wp-content\/uploads\/2020\/09\/fullsizeoutput_1f4-945x618.jpeg 945w\" sizes=\"auto, (max-width: 1024px) 100vw, 1024px\" \/><\/figure><\/li><\/ul><\/figure>\n\n\n\t\t\t\t\t\t\t<h3 style=\"margin-bottom:20px ;display:block;width:100%;margin-top:10px\">\u00ab\u00a0\u00a0\u00bb <\/h3>\r\n\t\t\t\t\t\t\t\t<style>\r\n\t\t\t\t\r\n\t\t\t\t\t#tab_container_442 {\r\n\toverflow:hidden;\r\n\tdisplay:block;\r\n\twidth:100%;\r\n\tborder:0px solid #ddd;\r\n\tmargin-bottom:30px;\r\n\t}\r\n\r\n#tab_container_442 .tab-content{\r\n\tpadding:20px;\r\n\tborder: 1px solid #e6e6e6 !important;\r\n\tmargin-top: 0px;\r\n\tbackground-color:#ffffff !important;\r\n\tcolor: #000000 !important;\r\n\tfont-size:16px !important;\r\n\tfont-family: Arial !important;\r\n\t\r\n\t\t\tborder: 0px solid #e6e6e6 !important;\r\n\t\t\r\n\t}\r\n#tab_container_442 .wpsm_nav-tabs {\r\n    border-bottom: 0px solid #ddd;\r\n}\r\n#tab_container_442 .wpsm_nav-tabs > li.active > a, #tab_container_442 .wpsm_nav-tabs > li.active > a:hover, #tab_container_442 .wpsm_nav-tabs > li.active > a:focus {\r\n\tcolor: #000000 !important;\r\n\tcursor: default;\r\n\tbackground-color: #ffffff !important;\r\n\tborder: 1px solid #e6e6e6 !important;\r\n}\r\n\r\n#tab_container_442 .wpsm_nav-tabs > li > a {\r\n    margin-right: 0px !important; \r\n    line-height: 1.42857143 !important;\r\n    border: 1px solid #d5d5d5 !important;\r\n    border-radius: 0px 0px 0 0 !important; \r\n\tbackground-color: #e8e8e8 !important;\r\n\tcolor: #000000 !important;\r\n\tpadding: 15px 18px 15px 18px !important;\r\n\ttext-decoration: none !important;\r\n\tfont-size: 14px !important;\r\n\ttext-align:center !important;\r\n\tfont-family: Arial !important;\r\n}\r\n#tab_container_442 .wpsm_nav-tabs > li > a:focus {\r\noutline: 0px !important;\r\n}\r\n\r\n#tab_container_442 .wpsm_nav-tabs > li > a:before {\r\n\tdisplay:none !important;\r\n}\r\n#tab_container_442 .wpsm_nav-tabs > li > a:after {\r\n\tdisplay:none !important ;\r\n}\r\n#tab_container_442 .wpsm_nav-tabs > li{\r\npadding:0px !important ;\r\nmargin:0px;\r\n}\r\n\r\n#tab_container_442 .wpsm_nav-tabs > li > a:hover , #tab_container_442 .wpsm_nav-tabs > li > a:focus {\r\n    color: #000000 !important;\r\n    background-color: #e8e8e8 !important;\r\n\tborder: 1px solid #d5d5d5 !important;\r\n\t\r\n}\r\n#tab_container_442 .wpsm_nav-tabs > li > a .fa{\r\n\r\nmargin-right:5px !important;\r\n\r\nmargin-left:5px !important;\r\n\r\n\r\n}\r\n\r\n\t\t#tab_container_442 .wpsm_nav-tabs a{\r\n\t\t\tbackground-image: none;\r\n\t\t\tbackground-position: 0 0;\r\n\t\t\tbackground-repeat: repeat-x;\r\n\t\t}\r\n\t\t\t\r\n\r\n\r\n#tab_container_442 .wpsm_nav-tabs > li {\r\n    float: left;\r\n    margin-bottom: -1px !important;\r\n\tmargin-right:0px !important; \r\n}\r\n\r\n\r\n#tab_container_442 .tab-content{\r\noverflow:hidden !important;\r\n}\r\n\r\n\r\n@media (min-width: 769px) {\r\n\r\n\t#tab_container_442 .wpsm_nav-tabs > li{\r\n\t\tfloat:left !important ;\r\n\t\t\t\tmargin-right:-1px !important;\r\n\t\t\t\t\t}\r\n\t#tab_container_442 .wpsm_nav-tabs{\r\n\t\tfloat:none !important;\r\n\t\tmargin:0px !important;\r\n\t}\r\n\r\n\t#tab_container_442 .wpsm_nav-tabs > li {\r\n\t\t\t\t\r\n\t}\r\n\t#tab_container_442 .wpsm_nav{\r\n\t\t\t}\r\n\r\n}\r\n\r\n\r\n\r\n@media (max-width: 768px) {\r\n\t#tab_container_442 .wpsm_nav-tabs > li {\r\n\t\t\t\t\r\n\t}\r\n\t#tab_container_442 .wpsm_nav{\r\n\t\t\t}\r\n}\r\n\r\n\r\n\t.wpsm_nav-tabs li:before{\r\n\t\tdisplay:none !important;\r\n\t}\r\n\r\n\t@media (max-width: 768px) {\r\n\t\t\t\t\r\n\t\t\t\t.wpsm_nav-tabs{\r\n\t\t\tmargin-left:0px !important;\r\n\t\t\tmargin-right:0px !important; \r\n\t\t\t\r\n\t\t}\r\n\t\t\t\t#tab_container_442 .wpsm_nav-tabs > li{\r\n\t\t\tfloat:none !important;\r\n\t\t}\r\n\t\t\t\r\n\t}\t\t\t\t<\/style>\r\n\t\t\t\t<div id=\"tab_container_442\" >\r\n\t \r\n\t\t\t\t\t<ul class=\"wpsm_nav wpsm_nav-tabs\" role=\"tablist\" id=\"myTab_442\">\r\n\t\t\t\t\t\t\t\r\n\t\t\t\t\t\t\t<li role=\"presentation\"  class=\"active\"  onclick=\"do_resize()\">\r\n\t\t\t\t\t\t\t\t<a href=\"#tabs_desc_442_1\" aria-controls=\"tabs_desc_442_1\" role=\"tab\" data-toggle=\"tab\">\r\n\t\t\t\t\t\t\t\t\t\r\n\t\t\t\t\t\t\t\t\t\t\t\t\t\t\t\t\t\t\t\t\t\t\t\t\t\t\t\t\r\n\t\t\t\t\t\t\t\t\t\t\t\t\t\t\t\t\t\t\r\n\t\t\t\t\t\t\t\t\t<span>Petit d\u00e9jeuner<\/span>\r\n\t\t\t\t\t\t\t\t\t\r\n\t\t\t\t\t\t\t\t\t\t\t\t\t\t\t\t\t\t\r\n\t\t\t\t\t\t\t\t\t\t\t\t\t\t\t\t\t\t\t\t\r\n\t\t\t\t\t\t\t\t\t\r\n\t\t\t\t\t\t\t\t<\/a>\r\n\t\t\t\t\t\t\t<\/li>\r\n\t\t\t\t\t\t\t\r\n\t\t\t\t\t\t\t<li role=\"presentation\"  onclick=\"do_resize()\">\r\n\t\t\t\t\t\t\t\t<a href=\"#tabs_desc_442_2\" aria-controls=\"tabs_desc_442_2\" role=\"tab\" data-toggle=\"tab\">\r\n\t\t\t\t\t\t\t\t\t\r\n\t\t\t\t\t\t\t\t\t\t\t\t\t\t\t\t\t\t\t\t\t\t\t\t\t\t\t\t\r\n\t\t\t\t\t\t\t\t\t\t\t\t\t\t\t\t\t\t\r\n\t\t\t\t\t\t\t\t\t<span>Toute la journ\u00e9e<\/span>\r\n\t\t\t\t\t\t\t\t\t\r\n\t\t\t\t\t\t\t\t\t\t\t\t\t\t\t\t\t\t\r\n\t\t\t\t\t\t\t\t\t\t\t\t\t\t\t\t\t\t\t\t\r\n\t\t\t\t\t\t\t\t\t\r\n\t\t\t\t\t\t\t\t<\/a>\r\n\t\t\t\t\t\t\t<\/li>\r\n\t\t\t\t\t\t\t\r\n\t\t\t\t\t\t\t<li role=\"presentation\"  onclick=\"do_resize()\">\r\n\t\t\t\t\t\t\t\t<a href=\"#tabs_desc_442_3\" aria-controls=\"tabs_desc_442_3\" role=\"tab\" data-toggle=\"tab\">\r\n\t\t\t\t\t\t\t\t\t\r\n\t\t\t\t\t\t\t\t\t\t\t\t\t\t\t\t\t\t\t\t\t\t\t\t\t\t\t\t\r\n\t\t\t\t\t\t\t\t\t\t\t\t\t\t\t\t\t\t\r\n\t\t\t\t\t\t\t\t\t<span>La cuisine gourmande<\/span>\r\n\t\t\t\t\t\t\t\t\t\r\n\t\t\t\t\t\t\t\t\t\t\t\t\t\t\t\t\t\t\r\n\t\t\t\t\t\t\t\t\t\t\t\t\t\t\t\t\t\t\t\t\r\n\t\t\t\t\t\t\t\t\t\r\n\t\t\t\t\t\t\t\t<\/a>\r\n\t\t\t\t\t\t\t<\/li>\r\n\t\t\t\t\t\t\t\t\t\t\t <\/ul>\r\n\r\n\t\t\t\t\t  <!-- Tab panes -->\r\n\t\t\t\t\t  <div class=\"tab-content\" id=\"tab-content_442\">\r\n\t\t\t\t\t\t\t\t\t\t\t\t <div role=\"tabpanel\" class=\"tab-pane  in active \" id=\"tabs_desc_442_1\">\r\n\t\t\t\t\t\t\t\t<\/br>Nous servons tous les jours entre<strong> 08h30 et 10h00<\/strong> un petit-d\u00e9jeuner continental sous forme de buffet. <\/br>\r\n<\/br>Vous trouverez des confitures et du granola fait maison, des \u0153ufs sur demande, des p\u00e2tisseries sucr\u00e9es, du jus frais, du pain, des croissants frais, un assortiment de charcuterie, de fromages r\u00e9gionaux... et bien plus encore !<\/br>\r\n\t\t\t\t\t\t <\/div>\r\n\t\t\t\t\t\t\t\t\t\t\t\t <div role=\"tabpanel\" class=\"tab-pane \" id=\"tabs_desc_442_2\">\r\n\t\t\t\t\t\t\t\t<\/br><strong>C\u2019est les vacances ! <\/strong><\/br>\r\nPrenez le temps de souffler et passez toute une journ\u00e9e dans le domaine \u00e0 vous baigner dans la piscine o\u00f9 vous balader au milieu des vignes. <\/br>\r\nDes en-cas seront disponibles entre <strong>13h00 et 15h00<\/strong> variant d\u2019une saison \u00e0 l\u2019autre (croque-monsieur, planches mixtes, pizza...).\t\t\t\t\t\t <\/div>\r\n\t\t\t\t\t\t\t\t\t\t\t\t <div role=\"tabpanel\" class=\"tab-pane \" id=\"tabs_desc_442_3\">\r\n\t\t\t\t\t\t\t\t<strong>Menu du Clos Vitis \u00e0 35\u20ac (pp.)<\/strong><\/br>\r\nEntr\u00e9e, Plat et Dessert<\/br>\r\n1\/4 de vin<\/br>\r\nEau<\/br>\r\nSodas (en cas de menu sans alcool)<\/br>\r\nCaf\u00e9 ou th\u00e9<\/br>\r\n<\/br>\t\t\t\t\t\t <\/div>\r\n\t\t\t\t\t\t\t\r\n\t\t\t\t\t <\/div>\r\n\t\t\t\t\t \r\n\t\t\t\t <\/div>\r\n <script>\r\n\t\tjQuery(function () {\r\n\t\t\tjQuery('#myTab_442 a:first').tab('show')\r\n\t\t});\r\n\t\t\r\n\t\t\t\tjQuery(function(){\r\n\t\t\tvar b=\"fadeIn\";\r\n\t\t\tvar c;\r\n\t\t\tvar a;\r\n\t\t\td(jQuery(\"#myTab_442 a\"),jQuery(\"#tab-content_442\"));function d(e,f,g){\r\n\t\t\t\te.click(function(i){\r\n\t\t\t\t\ti.preventDefault();\r\n\t\t\t\t\tjQuery(this).tab(\"show\");\r\n\t\t\t\t\tvar h=jQuery(this).data(\"easein\");\r\n\t\t\t\t\tif(c){c.removeClass(a);}\r\n\t\t\t\t\tif(h){f.find(\"div.active\").addClass(\"animated \"+h);a=h;}\r\n\t\t\t\t\telse{if(g){f.find(\"div.active\").addClass(\"animated \"+g);a=g;}else{f.find(\"div.active\").addClass(\"animated \"+b);a=b;}}c=f.find(\"div.active\");\r\n\t\t\t\t});\r\n\t\t\t}\r\n\t\t});\r\n\t\t\r\n\r\n\t\tfunction do_resize(){\r\n\r\n\t\t\tvar width=jQuery( '.tab-content .tab-pane iframe' ).width();\r\n\t\t\tvar height=jQuery( '.tab-content .tab-pane iframe' ).height();\r\n\r\n\t\t\tvar toggleSize = true;\r\n\t\t\tjQuery('iframe').animate({\r\n\t\t\t    width: toggleSize ? width : 640,\r\n\t\t\t    height: toggleSize ? height : 360\r\n\t\t\t  }, 250);\r\n\r\n\t\t\t  toggleSize = !toggleSize;\r\n\t\t}\r\n\r\n\r\n\t<\/script>\r\n\t\t\t\t\r\n\t\t\t\n\n\n\n<p><br><\/p>\n\n\n\n\n\n\n\n<p class=\"has-text-align-left\">       <br><\/p>\n","protected":false},"excerpt":{"rendered":"<p>\u00c0 taaaaaaable ! Laurence Pour rendre votre s\u00e9jour aussi relaxant et authentique que possible, nous vous proposons de savourer la d\u00e9licieuse cuisine de Laurence. Afin de vous servir des produits frais et savoureux, nous travaillons essentiellement avec des producteurs locaux. Commencez la journ\u00e9e en beaut\u00e9 en faisant le plein de vitamines avec notre petit-d\u00e9jeuner continental, &hellip; <a href=\"https:\/\/leclosvitis.com\/?p=442\" class=\"more-link\">Continue reading<span class=\"screen-reader-text\"> \u00ab\u00a0\u00ab\u00a0\u00a0\u00bb\u00a0\u00bb<\/span><\/a><\/p>\n","protected":false},"author":1,"featured_media":0,"parent":0,"menu_order":0,"comment_status":"closed","ping_status":"closed","template":"template-front-page.php","meta":{"footnotes":""},"class_list":["post-86","page","type-page","status-publish","hentry"],"_links":{"self":[{"href":"https:\/\/leclosvitis.com\/index.php?rest_route=\/wp\/v2\/pages\/86","targetHints":{"allow":["GET"]}}],"collection":[{"href":"https:\/\/leclosvitis.com\/index.php?rest_route=\/wp\/v2\/pages"}],"about":[{"href":"https:\/\/leclosvitis.com\/index.php?rest_route=\/wp\/v2\/types\/page"}],"author":[{"embeddable":true,"href":"https:\/\/leclosvitis.com\/index.php?rest_route=\/wp\/v2\/users\/1"}],"replies":[{"embeddable":true,"href":"https:\/\/leclosvitis.com\/index.php?rest_route=%2Fwp%2Fv2%2Fcomments&post=86"}],"version-history":[{"count":24,"href":"https:\/\/leclosvitis.com\/index.php?rest_route=\/wp\/v2\/pages\/86\/revisions"}],"predecessor-version":[{"id":2584,"href":"https:\/\/leclosvitis.com\/index.php?rest_route=\/wp\/v2\/pages\/86\/revisions\/2584"}],"wp:attachment":[{"href":"https:\/\/leclosvitis.com\/index.php?rest_route=%2Fwp%2Fv2%2Fmedia&parent=86"}],"curies":[{"name":"wp","href":"https:\/\/api.w.org\/{rel}","templated":true}]}}